{"id":1275,"date":"2024-12-24T09:43:47","date_gmt":"2024-12-24T09:43:47","guid":{"rendered":"https:\/\/gmlegalservices.rkinformatika.online\/?page_id=1275"},"modified":"2025-02-18T08:17:52","modified_gmt":"2025-02-18T08:17:52","slug":"trabaja-con-nosotros","status":"publish","type":"page","link":"https:\/\/gmlegalservices.com\/en\/trabaja-con-nosotros\/","title":{"rendered":"WORK WITH US"},"content":{"rendered":"<div data-elementor-type=\"wp-page\" data-elementor-id=\"1275\" class=\"elementor elementor-1275\" data-elementor-post-type=\"page\">\n\t\t\t\t<div class=\"elementor-element elementor-element-12c35f0 e-con-full e-flex e-con e-parent\" data-id=\"12c35f0\" data-element_type=\"container\" data-e-type=\"container\">\n\t\t<div class=\"elementor-element elementor-element-0509c18 e-con-full e-flex e-con e-child\" data-id=\"0509c18\" data-element_type=\"container\" data-e-type=\"container\">\n\t\t\t\t<div class=\"elementor-element elementor-element-c3f163a elementor-widget elementor-widget-heading\" data-id=\"c3f163a\" data-element_type=\"widget\" data-e-type=\"widget\" data-widget_type=\"heading.default\">\n\t\t\t\t<div class=\"elementor-widget-container\">\n\t\t\t\t\t<h2 class=\"elementor-heading-title elementor-size-default\">QU\u00c9 OFRECEMOS<\/h2>\t\t\t\t<\/div>\n\t\t\t\t<\/div>\n\t\t\t\t<div class=\"elementor-element elementor-element-7045736 elementor-widget elementor-widget-text-editor\" data-id=\"7045736\" data-element_type=\"widget\" data-e-type=\"widget\" data-widget_type=\"text-editor.default\">\n\t\t\t\t<div class=\"elementor-widget-container\">\n\t\t\t\t\t\t\t\t\t<p>G&amp;M est\u00e1 compuesto por un equipo multidisciplinar de profesionales que a\u00fanan dinamismo e innovaci\u00f3n con la experiencia y profesionalidad de m\u00e1s de 30 a\u00f1os de ejercicio profesional.<\/p><p>Todos nuestros abogados son excelentes profesionales, con formaci\u00f3n de postgrado y buen conocimiento de idiomas, a los que se exige el mismo compromiso, dedicaci\u00f3n e implicaci\u00f3n caracter\u00edstica de los servicios del despacho.<\/p>\t\t\t\t\t\t\t\t<\/div>\n\t\t\t\t<\/div>\n\t\t\t\t<\/div>\n\t\t<div class=\"elementor-element elementor-element-02ab636 e-con-full e-flex e-con e-child\" data-id=\"02ab636\" data-element_type=\"container\" data-e-type=\"container\">\n\t\t\t\t<div class=\"elementor-element elementor-element-d31a434 elementor-widget elementor-widget-heading\" data-id=\"d31a434\" data-element_type=\"widget\" data-e-type=\"widget\" data-widget_type=\"heading.default\">\n\t\t\t\t<div class=\"elementor-widget-container\">\n\t\t\t\t\t<h2 class=\"elementor-heading-title elementor-size-default\">QU\u00c9 PEDIMOS<\/h2>\t\t\t\t<\/div>\n\t\t\t\t<\/div>\n\t\t\t\t<div class=\"elementor-element elementor-element-18d1739 elementor-widget elementor-widget-text-editor\" data-id=\"18d1739\" data-element_type=\"widget\" data-e-type=\"widget\" data-widget_type=\"text-editor.default\">\n\t\t\t\t<div class=\"elementor-widget-container\">\n\t\t\t\t\t\t\t\t\t<p>En G&amp;M Legal Services exigimos a todos nuestros profesionales un alto grado de compromiso y dedicaci\u00f3n en todos y cada uno de los asuntos que gestionamos.<\/p><p>Todos ellos deben reunir aquellas cualidades que caracterizan nuestra marca: empat\u00eda, profesionalidad y excelencia.<\/p><p>Valores como el compa\u00f1erismo, la dedicaci\u00f3n y el esp\u00edritu de sacrificio, son tan importantes para nosotros como las aptitudes profesionales.<\/p>\t\t\t\t\t\t\t\t<\/div>\n\t\t\t\t<\/div>\n\t\t\t\t<\/div>\n\t\t<div class=\"elementor-element elementor-element-8f43668 e-con-full e-flex e-con e-child\" data-id=\"8f43668\" data-element_type=\"container\" data-e-type=\"container\">\n\t\t\t\t<div class=\"elementor-element elementor-element-d00b868 elementor-widget elementor-widget-heading\" data-id=\"d00b868\" data-element_type=\"widget\" data-e-type=\"widget\" data-widget_type=\"heading.default\">\n\t\t\t\t<div class=\"elementor-widget-container\">\n\t\t\t\t\t<h2 class=\"elementor-heading-title elementor-size-default\">C\u00d3MO SELECCIONAMOS<\/h2>\t\t\t\t<\/div>\n\t\t\t\t<\/div>\n\t\t\t\t<div class=\"elementor-element elementor-element-795fa8e elementor-widget elementor-widget-text-editor\" data-id=\"795fa8e\" data-element_type=\"widget\" data-e-type=\"widget\" data-widget_type=\"text-editor.default\">\n\t\t\t\t<div class=\"elementor-widget-container\">\n\t\t\t\t\t\t\t\t\t<p>En G&amp;M Legal Services nos gusta conocer personalmente a nuestros profesionales. Por eso, todos nuestros procesos de selecci\u00f3n consisten en entrevistas personales en un ambiente distendido en el que podr\u00e1s mostrar tus verdaderas cualidades.<\/p><p>Si deseas formar parte de un equipo din\u00e1mico y profesional, este es tu sitio.<\/p><p class=\"western\" align=\"left\"><i>Env\u00eda tu curriculum vitae a <\/i><span style=\"color: #0563c1;\"><u><a href=\"mailto:despacho@gmlegalservices.com\"><i>despacho@gmlegalservices.com<\/i><\/a><\/u><\/span><i> o haciendo clic en el siguiente bot\u00f3n y nos pondremos en contacto contigo lo antes posible.\u00a0<\/i><\/p>\t\t\t\t\t\t\t\t<\/div>\n\t\t\t\t<\/div>\n\t\t\t\t<div class=\"elementor-element elementor-element-b9ddbc5 elementor-align-left elementor-widget elementor-widget-button\" data-id=\"b9ddbc5\" data-element_type=\"widget\" data-e-type=\"widget\" data-widget_type=\"button.default\">\n\t\t\t\t<div class=\"elementor-widget-container\">\n\t\t\t\t\t\t\t\t\t<div class=\"elementor-button-wrapper\">\n\t\t\t\t\t<a class=\"elementor-button elementor-button-link elementor-size-sm\" href=\"mailto:%20administracion@gmlegalservices.com%20\">\n\t\t\t\t\t\t<span class=\"elementor-button-content-wrapper\">\n\t\t\t\t\t\t\t\t\t<span class=\"elementor-button-text\">Env\u00eda tu curriculum vitae<\/span>\n\t\t\t\t\t<\/span>\n\t\t\t\t\t<\/a>\n\t\t\t\t<\/div>\n\t\t\t\t\t\t\t\t<\/div>\n\t\t\t\t<\/div>\n\t\t\t\t<\/div>\n\t\t\t\t<\/div>\n\t\t\t\t<\/div>","protected":false},"excerpt":{"rendered":"<p>QU\u00c9 OFRECEMOS G&amp;M est\u00e1 compuesto por un equipo multidisciplinar de profesionales que a\u00fanan dinamismo e innovaci\u00f3n con la experiencia y profesionalidad de m\u00e1s de 30 a\u00f1os de ejercicio profesional. Todos nuestros abogados son excelentes profesionales, con formaci\u00f3n de postgrado y buen conocimiento de idiomas, a los que se exige el mismo compromiso, dedicaci\u00f3n e implicaci\u00f3n [&hellip;]<\/p>\n","protected":false},"author":1,"featured_media":0,"parent":0,"menu_order":0,"comment_status":"closed","ping_status":"closed","template":"elementor_canvas","meta":{"footnotes":""},"class_list":["post-1275","page","type-page","status-publish","hentry"],"yoast_head":"<!-- This site is optimized with the Yoast SEO plugin v27.5 - https:\/\/yoast.com\/product\/yoast-seo-wordpress\/ -->\n<title>Trabaja con Nosotros - G&amp;M Legal Services<\/title>\n<meta name=\"robots\" content=\"index, follow, max-snippet:-1, max-image-preview:large, max-video-preview:-1\" \/>\n<link rel=\"canonical\" href=\"https:\/\/gmlegalservices.com\/en\/trabaja-con-nosotros\/\" \/>\n<meta property=\"og:locale\" content=\"en_US\" \/>\n<meta property=\"og:type\" content=\"article\" \/>\n<meta property=\"og:title\" content=\"Trabaja con Nosotros - G&amp;M Legal Services\" \/>\n<meta property=\"og:description\" content=\"QU\u00c9 OFRECEMOS G&amp;M est\u00e1 compuesto por un equipo multidisciplinar de profesionales que a\u00fanan dinamismo e innovaci\u00f3n con la experiencia y profesionalidad de m\u00e1s de 30 a\u00f1os de ejercicio profesional. Todos nuestros abogados son excelentes profesionales, con formaci\u00f3n de postgrado y buen conocimiento de idiomas, a los que se exige el mismo compromiso, dedicaci\u00f3n e implicaci\u00f3n [&hellip;]\" \/>\n<meta property=\"og:url\" content=\"https:\/\/gmlegalservices.com\/en\/trabaja-con-nosotros\/\" \/>\n<meta property=\"og:site_name\" content=\"G&amp;M Legal Services\" \/>\n<meta property=\"article:modified_time\" content=\"2025-02-18T08:17:52+00:00\" \/>\n<meta name=\"twitter:card\" content=\"summary_large_image\" \/>\n<meta name=\"twitter:label1\" content=\"Est. reading time\" \/>\n\t<meta name=\"twitter:data1\" content=\"1 minute\" \/>\n<script type=\"application\/ld+json\" class=\"yoast-schema-graph\">{\"@context\":\"https:\\\/\\\/schema.org\",\"@graph\":[{\"@type\":\"WebPage\",\"@id\":\"https:\\\/\\\/gmlegalservices.com\\\/trabaja-con-nosotros\\\/\",\"url\":\"https:\\\/\\\/gmlegalservices.com\\\/trabaja-con-nosotros\\\/\",\"name\":\"Trabaja con Nosotros - G&amp;M Legal Services\",\"isPartOf\":{\"@id\":\"https:\\\/\\\/gmlegalservices.com\\\/#website\"},\"datePublished\":\"2024-12-24T09:43:47+00:00\",\"dateModified\":\"2025-02-18T08:17:52+00:00\",\"breadcrumb\":{\"@id\":\"https:\\\/\\\/gmlegalservices.com\\\/trabaja-con-nosotros\\\/#breadcrumb\"},\"inLanguage\":\"en-US\",\"potentialAction\":[{\"@type\":\"ReadAction\",\"target\":[\"https:\\\/\\\/gmlegalservices.com\\\/trabaja-con-nosotros\\\/\"]}]},{\"@type\":\"BreadcrumbList\",\"@id\":\"https:\\\/\\\/gmlegalservices.com\\\/trabaja-con-nosotros\\\/#breadcrumb\",\"itemListElement\":[{\"@type\":\"ListItem\",\"position\":1,\"name\":\"Portada\",\"item\":\"https:\\\/\\\/gmlegalservices.com\\\/\"},{\"@type\":\"ListItem\",\"position\":2,\"name\":\"Trabaja con Nosotros\"}]},{\"@type\":\"WebSite\",\"@id\":\"https:\\\/\\\/gmlegalservices.com\\\/#website\",\"url\":\"https:\\\/\\\/gmlegalservices.com\\\/\",\"name\":\"G&amp;M Legal Services\",\"description\":\"\",\"publisher\":{\"@id\":\"https:\\\/\\\/gmlegalservices.com\\\/#organization\"},\"potentialAction\":[{\"@type\":\"SearchAction\",\"target\":{\"@type\":\"EntryPoint\",\"urlTemplate\":\"https:\\\/\\\/gmlegalservices.com\\\/?s={search_term_string}\"},\"query-input\":{\"@type\":\"PropertyValueSpecification\",\"valueRequired\":true,\"valueName\":\"search_term_string\"}}],\"inLanguage\":\"en-US\"},{\"@type\":\"Organization\",\"@id\":\"https:\\\/\\\/gmlegalservices.com\\\/#organization\",\"name\":\"G&amp;M Legal Services\",\"url\":\"https:\\\/\\\/gmlegalservices.com\\\/\",\"logo\":{\"@type\":\"ImageObject\",\"inLanguage\":\"en-US\",\"@id\":\"https:\\\/\\\/gmlegalservices.com\\\/#\\\/schema\\\/logo\\\/image\\\/\",\"url\":\"https:\\\/\\\/gmlegalservices.com\\\/wp-content\\\/uploads\\\/2024\\\/12\\\/cropped-Captura_desde_2024-12-20_17-24-26-removebg-preview.png\",\"contentUrl\":\"https:\\\/\\\/gmlegalservices.com\\\/wp-content\\\/uploads\\\/2024\\\/12\\\/cropped-Captura_desde_2024-12-20_17-24-26-removebg-preview.png\",\"width\":216,\"height\":96,\"caption\":\"G&amp;M Legal Services\"},\"image\":{\"@id\":\"https:\\\/\\\/gmlegalservices.com\\\/#\\\/schema\\\/logo\\\/image\\\/\"}}]}<\/script>\n<!-- \/ Yoast SEO plugin. -->","yoast_head_json":{"title":"Trabaja con Nosotros - G&amp;M Legal Services","robots":{"index":"index","follow":"follow","max-snippet":"max-snippet:-1","max-image-preview":"max-image-preview:large","max-video-preview":"max-video-preview:-1"},"canonical":"https:\/\/gmlegalservices.com\/en\/trabaja-con-nosotros\/","og_locale":"en_US","og_type":"article","og_title":"Trabaja con Nosotros - G&amp;M Legal Services","og_description":"QU\u00c9 OFRECEMOS G&amp;M est\u00e1 compuesto por un equipo multidisciplinar de profesionales que a\u00fanan dinamismo e innovaci\u00f3n con la experiencia y profesionalidad de m\u00e1s de 30 a\u00f1os de ejercicio profesional. Todos nuestros abogados son excelentes profesionales, con formaci\u00f3n de postgrado y buen conocimiento de idiomas, a los que se exige el mismo compromiso, dedicaci\u00f3n e implicaci\u00f3n [&hellip;]","og_url":"https:\/\/gmlegalservices.com\/en\/trabaja-con-nosotros\/","og_site_name":"G&amp;M Legal Services","article_modified_time":"2025-02-18T08:17:52+00:00","twitter_card":"summary_large_image","twitter_misc":{"Est. reading time":"1 minute"},"schema":{"@context":"https:\/\/schema.org","@graph":[{"@type":"WebPage","@id":"https:\/\/gmlegalservices.com\/trabaja-con-nosotros\/","url":"https:\/\/gmlegalservices.com\/trabaja-con-nosotros\/","name":"Trabaja con Nosotros - G&amp;M Legal Services","isPartOf":{"@id":"https:\/\/gmlegalservices.com\/#website"},"datePublished":"2024-12-24T09:43:47+00:00","dateModified":"2025-02-18T08:17:52+00:00","breadcrumb":{"@id":"https:\/\/gmlegalservices.com\/trabaja-con-nosotros\/#breadcrumb"},"inLanguage":"en-US","potentialAction":[{"@type":"ReadAction","target":["https:\/\/gmlegalservices.com\/trabaja-con-nosotros\/"]}]},{"@type":"BreadcrumbList","@id":"https:\/\/gmlegalservices.com\/trabaja-con-nosotros\/#breadcrumb","itemListElement":[{"@type":"ListItem","position":1,"name":"Portada","item":"https:\/\/gmlegalservices.com\/"},{"@type":"ListItem","position":2,"name":"Trabaja con Nosotros"}]},{"@type":"WebSite","@id":"https:\/\/gmlegalservices.com\/#website","url":"https:\/\/gmlegalservices.com\/","name":"G&amp;M Legal Services","description":"","publisher":{"@id":"https:\/\/gmlegalservices.com\/#organization"},"potentialAction":[{"@type":"SearchAction","target":{"@type":"EntryPoint","urlTemplate":"https:\/\/gmlegalservices.com\/?s={search_term_string}"},"query-input":{"@type":"PropertyValueSpecification","valueRequired":true,"valueName":"search_term_string"}}],"inLanguage":"en-US"},{"@type":"Organization","@id":"https:\/\/gmlegalservices.com\/#organization","name":"G&amp;M Legal Services","url":"https:\/\/gmlegalservices.com\/","logo":{"@type":"ImageObject","inLanguage":"en-US","@id":"https:\/\/gmlegalservices.com\/#\/schema\/logo\/image\/","url":"https:\/\/gmlegalservices.com\/wp-content\/uploads\/2024\/12\/cropped-Captura_desde_2024-12-20_17-24-26-removebg-preview.png","contentUrl":"https:\/\/gmlegalservices.com\/wp-content\/uploads\/2024\/12\/cropped-Captura_desde_2024-12-20_17-24-26-removebg-preview.png","width":216,"height":96,"caption":"G&amp;M Legal Services"},"image":{"@id":"https:\/\/gmlegalservices.com\/#\/schema\/logo\/image\/"}}]}},"_links":{"self":[{"href":"https:\/\/gmlegalservices.com\/en\/wp-json\/wp\/v2\/pages\/1275","targetHints":{"allow":["GET"]}}],"collection":[{"href":"https:\/\/gmlegalservices.com\/en\/wp-json\/wp\/v2\/pages"}],"about":[{"href":"https:\/\/gmlegalservices.com\/en\/wp-json\/wp\/v2\/types\/page"}],"author":[{"embeddable":true,"href":"https:\/\/gmlegalservices.com\/en\/wp-json\/wp\/v2\/users\/1"}],"replies":[{"embeddable":true,"href":"https:\/\/gmlegalservices.com\/en\/wp-json\/wp\/v2\/comments?post=1275"}],"version-history":[{"count":35,"href":"https:\/\/gmlegalservices.com\/en\/wp-json\/wp\/v2\/pages\/1275\/revisions"}],"predecessor-version":[{"id":2034,"href":"https:\/\/gmlegalservices.com\/en\/wp-json\/wp\/v2\/pages\/1275\/revisions\/2034"}],"wp:attachment":[{"href":"https:\/\/gmlegalservices.com\/en\/wp-json\/wp\/v2\/media?parent=1275"}],"curies":[{"name":"wp","href":"https:\/\/api.w.org\/{rel}","templated":true}]}}