{"id":1833,"date":"2025-02-06T08:28:00","date_gmt":"2025-02-06T08:28:00","guid":{"rendered":"https:\/\/gmlegalservices.rkinformatika.online\/?page_id=1833"},"modified":"2025-02-18T08:22:05","modified_gmt":"2025-02-18T08:22:05","slug":"blog","status":"publish","type":"page","link":"https:\/\/gmlegalservices.com\/en\/blog\/","title":{"rendered":"Blog"},"content":{"rendered":"<div data-elementor-type=\"wp-page\" data-elementor-id=\"1833\" class=\"elementor elementor-1833\" data-elementor-post-type=\"page\">\n\t\t\t\t<div class=\"elementor-element elementor-element-5a8d164 e-flex e-con-boxed e-con e-parent\" data-id=\"5a8d164\" data-element_type=\"container\" data-e-type=\"container\" data-settings=\"{&quot;background_background&quot;:&quot;classic&quot;}\">\n\t\t\t\t\t<div class=\"e-con-inner\">\n\t\t\t\t<div class=\"elementor-element elementor-element-1564141 elementor-grid-eael-col-4 elementor-grid-tablet-eael-col-2 elementor-grid-mobile-eael-col-1 elementor-widget elementor-widget-eael-post-grid\" data-id=\"1564141\" data-element_type=\"widget\" data-e-type=\"widget\" data-settings=\"{&quot;eael_post_grid_columns&quot;:&quot;eael-col-4&quot;,&quot;eael_post_grid_columns_tablet&quot;:&quot;eael-col-2&quot;,&quot;eael_post_grid_columns_mobile&quot;:&quot;eael-col-1&quot;}\" data-widget_type=\"eael-post-grid.default\">\n\t\t\t\t<div class=\"elementor-widget-container\">\n\t\t\t\t\t<div id=\"eael-post-grid-1564141\" class=\"eael-post-grid-container\">\n            <div class=\"eael-post-grid eael-post-appender eael-post-appender-1564141 eael-post-grid-style-one\" data-layout-mode=\"masonry\"><p class=\"no-posts-found\">No posts found!<\/p><\/div>\n            <div class=\"clearfix\"><\/div>\n        <\/div>\t\t\t\t<\/div>\n\t\t\t\t<\/div>\n\t\t\t\t\t<\/div>\n\t\t\t\t<\/div>\n\t\t\t\t<\/div>","protected":false},"excerpt":{"rendered":"<p>La curatela: Una gu\u00eda completa Protecci\u00f3n y apoyo legal para personas en situaci\u00f3n de vulnerabilidad&#8230; Leer m\u00e1s<\/p>","protected":false},"author":1,"featured_media":0,"parent":0,"menu_order":0,"comment_status":"closed","ping_status":"closed","template":"elementor_canvas","meta":{"footnotes":""},"class_list":["post-1833","page","type-page","status-publish","hentry"],"yoast_head":"<!-- This site is optimized with the Yoast SEO plugin v27.5 - https:\/\/yoast.com\/product\/yoast-seo-wordpress\/ -->\n<title>Blog - G&amp;M Legal Services<\/title>\n<meta name=\"robots\" content=\"index, follow, max-snippet:-1, max-image-preview:large, max-video-preview:-1\" \/>\n<link rel=\"canonical\" href=\"https:\/\/gmlegalservices.com\/en\/blog\/\" \/>\n<meta property=\"og:locale\" content=\"en_US\" \/>\n<meta property=\"og:type\" content=\"article\" \/>\n<meta property=\"og:title\" content=\"Blog - G&amp;M Legal Services\" \/>\n<meta property=\"og:description\" content=\"La curatela: Una gu\u00eda completa Protecci\u00f3n y apoyo legal para personas en situaci\u00f3n de vulnerabilidad&#8230; Leer m\u00e1s\" \/>\n<meta property=\"og:url\" content=\"https:\/\/gmlegalservices.com\/en\/blog\/\" \/>\n<meta property=\"og:site_name\" content=\"G&amp;M Legal Services\" \/>\n<meta property=\"article:modified_time\" content=\"2025-02-18T08:22:05+00:00\" \/>\n<meta name=\"twitter:card\" content=\"summary_large_image\" \/>\n<meta name=\"twitter:label1\" content=\"Est. reading time\" \/>\n\t<meta name=\"twitter:data1\" content=\"1 minute\" \/>\n<script type=\"application\/ld+json\" class=\"yoast-schema-graph\">{\"@context\":\"https:\\\/\\\/schema.org\",\"@graph\":[{\"@type\":\"WebPage\",\"@id\":\"https:\\\/\\\/gmlegalservices.com\\\/blog\\\/\",\"url\":\"https:\\\/\\\/gmlegalservices.com\\\/blog\\\/\",\"name\":\"Blog - G&amp;M Legal Services\",\"isPartOf\":{\"@id\":\"https:\\\/\\\/gmlegalservices.com\\\/#website\"},\"datePublished\":\"2025-02-06T08:28:00+00:00\",\"dateModified\":\"2025-02-18T08:22:05+00:00\",\"breadcrumb\":{\"@id\":\"https:\\\/\\\/gmlegalservices.com\\\/blog\\\/#breadcrumb\"},\"inLanguage\":\"en-US\",\"potentialAction\":[{\"@type\":\"ReadAction\",\"target\":[\"https:\\\/\\\/gmlegalservices.com\\\/blog\\\/\"]}]},{\"@type\":\"BreadcrumbList\",\"@id\":\"https:\\\/\\\/gmlegalservices.com\\\/blog\\\/#breadcrumb\",\"itemListElement\":[{\"@type\":\"ListItem\",\"position\":1,\"name\":\"Portada\",\"item\":\"https:\\\/\\\/gmlegalservices.com\\\/\"},{\"@type\":\"ListItem\",\"position\":2,\"name\":\"Blog\"}]},{\"@type\":\"WebSite\",\"@id\":\"https:\\\/\\\/gmlegalservices.com\\\/#website\",\"url\":\"https:\\\/\\\/gmlegalservices.com\\\/\",\"name\":\"G&amp;M Legal Services\",\"description\":\"\",\"publisher\":{\"@id\":\"https:\\\/\\\/gmlegalservices.com\\\/#organization\"},\"potentialAction\":[{\"@type\":\"SearchAction\",\"target\":{\"@type\":\"EntryPoint\",\"urlTemplate\":\"https:\\\/\\\/gmlegalservices.com\\\/?s={search_term_string}\"},\"query-input\":{\"@type\":\"PropertyValueSpecification\",\"valueRequired\":true,\"valueName\":\"search_term_string\"}}],\"inLanguage\":\"en-US\"},{\"@type\":\"Organization\",\"@id\":\"https:\\\/\\\/gmlegalservices.com\\\/#organization\",\"name\":\"G&amp;M Legal Services\",\"url\":\"https:\\\/\\\/gmlegalservices.com\\\/\",\"logo\":{\"@type\":\"ImageObject\",\"inLanguage\":\"en-US\",\"@id\":\"https:\\\/\\\/gmlegalservices.com\\\/#\\\/schema\\\/logo\\\/image\\\/\",\"url\":\"https:\\\/\\\/gmlegalservices.com\\\/wp-content\\\/uploads\\\/2024\\\/12\\\/cropped-Captura_desde_2024-12-20_17-24-26-removebg-preview.png\",\"contentUrl\":\"https:\\\/\\\/gmlegalservices.com\\\/wp-content\\\/uploads\\\/2024\\\/12\\\/cropped-Captura_desde_2024-12-20_17-24-26-removebg-preview.png\",\"width\":216,\"height\":96,\"caption\":\"G&amp;M Legal Services\"},\"image\":{\"@id\":\"https:\\\/\\\/gmlegalservices.com\\\/#\\\/schema\\\/logo\\\/image\\\/\"}}]}<\/script>\n<!-- \/ Yoast SEO plugin. -->","yoast_head_json":{"title":"Blog - G&amp;M Legal Services","robots":{"index":"index","follow":"follow","max-snippet":"max-snippet:-1","max-image-preview":"max-image-preview:large","max-video-preview":"max-video-preview:-1"},"canonical":"https:\/\/gmlegalservices.com\/en\/blog\/","og_locale":"en_US","og_type":"article","og_title":"Blog - G&amp;M Legal Services","og_description":"La curatela: Una gu\u00eda completa Protecci\u00f3n y apoyo legal para personas en situaci\u00f3n de vulnerabilidad&#8230; Leer m\u00e1s","og_url":"https:\/\/gmlegalservices.com\/en\/blog\/","og_site_name":"G&amp;M Legal Services","article_modified_time":"2025-02-18T08:22:05+00:00","twitter_card":"summary_large_image","twitter_misc":{"Est. reading time":"1 minute"},"schema":{"@context":"https:\/\/schema.org","@graph":[{"@type":"WebPage","@id":"https:\/\/gmlegalservices.com\/blog\/","url":"https:\/\/gmlegalservices.com\/blog\/","name":"Blog - G&amp;M Legal Services","isPartOf":{"@id":"https:\/\/gmlegalservices.com\/#website"},"datePublished":"2025-02-06T08:28:00+00:00","dateModified":"2025-02-18T08:22:05+00:00","breadcrumb":{"@id":"https:\/\/gmlegalservices.com\/blog\/#breadcrumb"},"inLanguage":"en-US","potentialAction":[{"@type":"ReadAction","target":["https:\/\/gmlegalservices.com\/blog\/"]}]},{"@type":"BreadcrumbList","@id":"https:\/\/gmlegalservices.com\/blog\/#breadcrumb","itemListElement":[{"@type":"ListItem","position":1,"name":"Portada","item":"https:\/\/gmlegalservices.com\/"},{"@type":"ListItem","position":2,"name":"Blog"}]},{"@type":"WebSite","@id":"https:\/\/gmlegalservices.com\/#website","url":"https:\/\/gmlegalservices.com\/","name":"G&amp;M Legal Services","description":"","publisher":{"@id":"https:\/\/gmlegalservices.com\/#organization"},"potentialAction":[{"@type":"SearchAction","target":{"@type":"EntryPoint","urlTemplate":"https:\/\/gmlegalservices.com\/?s={search_term_string}"},"query-input":{"@type":"PropertyValueSpecification","valueRequired":true,"valueName":"search_term_string"}}],"inLanguage":"en-US"},{"@type":"Organization","@id":"https:\/\/gmlegalservices.com\/#organization","name":"G&amp;M Legal Services","url":"https:\/\/gmlegalservices.com\/","logo":{"@type":"ImageObject","inLanguage":"en-US","@id":"https:\/\/gmlegalservices.com\/#\/schema\/logo\/image\/","url":"https:\/\/gmlegalservices.com\/wp-content\/uploads\/2024\/12\/cropped-Captura_desde_2024-12-20_17-24-26-removebg-preview.png","contentUrl":"https:\/\/gmlegalservices.com\/wp-content\/uploads\/2024\/12\/cropped-Captura_desde_2024-12-20_17-24-26-removebg-preview.png","width":216,"height":96,"caption":"G&amp;M Legal Services"},"image":{"@id":"https:\/\/gmlegalservices.com\/#\/schema\/logo\/image\/"}}]}},"_links":{"self":[{"href":"https:\/\/gmlegalservices.com\/en\/wp-json\/wp\/v2\/pages\/1833","targetHints":{"allow":["GET"]}}],"collection":[{"href":"https:\/\/gmlegalservices.com\/en\/wp-json\/wp\/v2\/pages"}],"about":[{"href":"https:\/\/gmlegalservices.com\/en\/wp-json\/wp\/v2\/types\/page"}],"author":[{"embeddable":true,"href":"https:\/\/gmlegalservices.com\/en\/wp-json\/wp\/v2\/users\/1"}],"replies":[{"embeddable":true,"href":"https:\/\/gmlegalservices.com\/en\/wp-json\/wp\/v2\/comments?post=1833"}],"version-history":[{"count":13,"href":"https:\/\/gmlegalservices.com\/en\/wp-json\/wp\/v2\/pages\/1833\/revisions"}],"predecessor-version":[{"id":2041,"href":"https:\/\/gmlegalservices.com\/en\/wp-json\/wp\/v2\/pages\/1833\/revisions\/2041"}],"wp:attachment":[{"href":"https:\/\/gmlegalservices.com\/en\/wp-json\/wp\/v2\/media?parent=1833"}],"curies":[{"name":"wp","href":"https:\/\/api.w.org\/{rel}","templated":true}]}}